{"id":20,"date":"2018-10-23T17:26:58","date_gmt":"2018-10-23T17:26:58","guid":{"rendered":"http:\/\/paarlezvous.de\/?page_id=20"},"modified":"2023-06-28T07:24:40","modified_gmt":"2023-06-28T07:24:40","slug":"ueber-mich","status":"publish","type":"page","link":"https:\/\/paarlezvous.de\/?page_id=20","title":{"rendered":"\u00dcber mich"},"content":{"rendered":"<div class=\"wp-block-image\">\n<figure class=\"aligncenter size-large\"><img loading=\"lazy\" decoding=\"async\" width=\"1024\" height=\"683\" src=\"http:\/\/paarlezvous.de\/wp-content\/uploads\/2020\/09\/4CA33A21-BC0A-4081-9875-A1B42D9F854C-1024x683.jpeg\" alt=\"\" class=\"wp-image-177\" srcset=\"https:\/\/paarlezvous.de\/wp-content\/uploads\/2020\/09\/4CA33A21-BC0A-4081-9875-A1B42D9F854C-1024x683.jpeg 1024w, https:\/\/paarlezvous.de\/wp-content\/uploads\/2020\/09\/4CA33A21-BC0A-4081-9875-A1B42D9F854C-300x200.jpeg 300w, https:\/\/paarlezvous.de\/wp-content\/uploads\/2020\/09\/4CA33A21-BC0A-4081-9875-A1B42D9F854C-768x512.jpeg 768w, https:\/\/paarlezvous.de\/wp-content\/uploads\/2020\/09\/4CA33A21-BC0A-4081-9875-A1B42D9F854C-1536x1024.jpeg 1536w, https:\/\/paarlezvous.de\/wp-content\/uploads\/2020\/09\/4CA33A21-BC0A-4081-9875-A1B42D9F854C-2048x1365.jpeg 2048w, https:\/\/paarlezvous.de\/wp-content\/uploads\/2020\/09\/4CA33A21-BC0A-4081-9875-A1B42D9F854C-330x220.jpeg 330w\" sizes=\"auto, (max-width: 1024px) 100vw, 1024px\" \/><\/figure>\n<\/div>\n\n\n<div style=\"height:20px\" aria-hidden=\"true\" class=\"wp-block-spacer\"><\/div>\n\n\n\n<h3 class=\"wp-block-heading has-text-align-center\">Anna Gaessner<\/h3>\n\n\n\n<p class=\"has-text-align-center\">W\u00e4hrend  meines  Studiums  in  Psychologie,  Soziologie  und  Sozialp\u00e4dagogik  gewann  ich  sehr  viele Einblicke  in  das  menschliche  Sein.  Immer  tiefer  konnte  ich  ins  Innere  des  einzelnen  Individuums  hineinblicken  und  Zusammenh\u00e4nge  zwischen  Verhalten,  innerer  Psyche  und  den  Erfahrungen  eines  jeden  Einzelnen  erlernen.  Dieses  Thema  fesselte  mich  zunehmend  mehr.  Schon  w\u00e4hrend  meiner  Schulzeit  war  mir  bewusst,  dass  ich  sp\u00e4ter  gerne  mit  Menschen  zusammen  arbeiten  und  ihnen  helfen  m\u00f6chte.  Im  Studium  stellte  ich  fest,  dass  ich  mich  immer  mehr  f\u00fcr  das  Gebiet  der  Therapie  und  Beratung  interessierte.  Ich  empfand  es  als  sehr  spannend,  wie  Personen  mithilfe  von  Gespr\u00e4chen  geholfen  werden  konnte,  ihr  Leben  besser  zu  gestalten  und  vergangene  negative  Erfahrungen  zu  verarbeiten.  <br>W\u00e4hrend meiner akademischen Laufbahn,  konnte  mich  mit  der  systemischen  Arbeit  stark  identifizieren  und  so  absolvierte  ich  nach  meinem  6-j\u00e4hrigem  Studium  die  4-j\u00e4hrige  Ausbildung  zur  systemischen  Paar-  und  Familientherapeutin  (DGSF).  In  meinem  mehrj\u00e4hrigen  Arbeitsfeld  als Sozialp\u00e4dagogische Familienhilfe, sowie als Sozialtherapeutin  f\u00fcr  Drogenabh\u00e4ngige und psychisch  Erkrankte,  konnte  ich  das  methodische  und  theoretische  Wissen  immer  wieder  praktisch  bei  meinen  Patienten  mit  einflie\u00dfen  lassen  und  somit  wertvolle Erfahrungen  sammeln.  Seit  September  2018  habe  ich  mich  dazu  entschlossen,  die  Arbeit  in einer  Praxis  zus\u00e4tzlich  als freiberufliche Therapeutin aufzunehmen.  Diese  Form  der  Hilfe  begeistert  mich  stets.  Es  erf\u00fcllt  mich  mit  einer  gro\u00dfen  Freude,  wenn  ich  somit  andere  Menschen    unterst\u00fctzen,  begleiten  und  ihnen  helfen  kann.<\/p>\n","protected":false},"excerpt":{"rendered":"<p>Anna Gaessner W\u00e4hrend meines Studiums in Psychologie, Soziologie und Sozialp\u00e4dagogik gewann ich sehr viele Einblicke in das menschliche Sein. Immer tiefer konnte ich ins Innere des einzelnen Individuums hineinblicken und Zusammenh\u00e4nge zwischen Verhalten, innerer Psyche und den Erfahrungen eines jeden Einzelnen erlernen. Dieses Thema fesselte mich zunehmend mehr. Schon w\u00e4hrend meiner Schulzeit war mir bewusst, [&hellip;]<\/p>\n","protected":false},"author":1,"featured_media":0,"parent":0,"menu_order":0,"comment_status":"closed","ping_status":"closed","template":"","meta":{"footnotes":""},"class_list":["post-20","page","type-page","status-publish","hentry"],"_links":{"self":[{"href":"https:\/\/paarlezvous.de\/index.php?rest_route=\/wp\/v2\/pages\/20","targetHints":{"allow":["GET"]}}],"collection":[{"href":"https:\/\/paarlezvous.de\/index.php?rest_route=\/wp\/v2\/pages"}],"about":[{"href":"https:\/\/paarlezvous.de\/index.php?rest_route=\/wp\/v2\/types\/page"}],"author":[{"embeddable":true,"href":"https:\/\/paarlezvous.de\/index.php?rest_route=\/wp\/v2\/users\/1"}],"replies":[{"embeddable":true,"href":"https:\/\/paarlezvous.de\/index.php?rest_route=%2Fwp%2Fv2%2Fcomments&post=20"}],"version-history":[{"count":13,"href":"https:\/\/paarlezvous.de\/index.php?rest_route=\/wp\/v2\/pages\/20\/revisions"}],"predecessor-version":[{"id":194,"href":"https:\/\/paarlezvous.de\/index.php?rest_route=\/wp\/v2\/pages\/20\/revisions\/194"}],"wp:attachment":[{"href":"https:\/\/paarlezvous.de\/index.php?rest_route=%2Fwp%2Fv2%2Fmedia&parent=20"}],"curies":[{"name":"wp","href":"https:\/\/api.w.org\/{rel}","templated":true}]}}